{"id":1310,"date":"2023-04-10T15:28:17","date_gmt":"2023-04-10T13:28:17","guid":{"rendered":"https:\/\/linemakeup.net\/?product=kit-plasma-lift"},"modified":"2025-09-10T15:04:30","modified_gmt":"2025-09-10T13:04:30","slug":"kit-plasma-lift","status":"publish","type":"product","link":"https:\/\/linemakeup.net\/en\/product\/kit-plasma-lift\/","title":{"rendered":"Kit Plasma Lift"},"content":{"rendered":"<p style=\"text-align: center;\"><strong>Liste des produits du Kit:<\/strong><\/p>\n<p style=\"text-align: center;\">Plasma Pen x 1<br \/>\nAiguilles x 20<\/p>","protected":false},"excerpt":{"rendered":"<p>Le Kit Plasma Lift contient le mat\u00e9riel et les produits indispensables pour d\u00e9marrer la pratique du plasma lift. Pr\u00e9vu pour 20 prestations.<\/p>","protected":false},"featured_media":7664,"template":"","meta":{"_kad_post_transparent":"default","_kad_post_title":"","_kad_post_layout":"default","_kad_post_sidebar_id":"","_kad_post_content_style":"default","_kad_post_vertical_padding":"default","_kad_post_feature":"","_kad_post_feature_position":"","_kad_post_header":false,"_kad_post_footer":false,"_kad_post_classname":"","_jet_sm_ready_style":"","_jet_sm_style":"","_jet_sm_controls_values":"","_jet_sm_fonts_collection":"","_jet_sm_fonts_links":""},"product_brand":[],"product_cat":[19],"product_tag":[],"product-course":[],"class_list":{"0":"post-1310","1":"product","2":"type-product","3":"status-publish","4":"has-post-thumbnail","6":"product_cat-kits","8":"first","9":"instock","10":"shipping-taxable","11":"purchasable","12":"product-type-simple","13":"entry","14":"content-bg","15":"loop-entry"},"_links":{"self":[{"href":"https:\/\/linemakeup.net\/en\/wp-json\/wp\/v2\/product\/1310","targetHints":{"allow":["GET"]}}],"collection":[{"href":"https:\/\/linemakeup.net\/en\/wp-json\/wp\/v2\/product"}],"about":[{"href":"https:\/\/linemakeup.net\/en\/wp-json\/wp\/v2\/types\/product"}],"wp:featuredmedia":[{"embeddable":true,"href":"https:\/\/linemakeup.net\/en\/wp-json\/wp\/v2\/media\/7664"}],"wp:attachment":[{"href":"https:\/\/linemakeup.net\/en\/wp-json\/wp\/v2\/media?parent=1310"}],"wp:term":[{"taxonomy":"product_brand","embeddable":true,"href":"https:\/\/linemakeup.net\/en\/wp-json\/wp\/v2\/product_brand?post=1310"},{"taxonomy":"product_cat","embeddable":true,"href":"https:\/\/linemakeup.net\/en\/wp-json\/wp\/v2\/product_cat?post=1310"},{"taxonomy":"product_tag","embeddable":true,"href":"https:\/\/linemakeup.net\/en\/wp-json\/wp\/v2\/product_tag?post=1310"},{"taxonomy":"product-course","embeddable":true,"href":"https:\/\/linemakeup.net\/en\/wp-json\/wp\/v2\/product-course?post=1310"}],"curies":[{"name":"wp","href":"https:\/\/api.w.org\/{rel}","templated":true}]}}